{"id":133,"date":"2026-02-15T00:39:57","date_gmt":"2026-02-14T23:39:57","guid":{"rendered":"http:\/\/abogados-diego-2.local\/?page_id=133"},"modified":"2026-03-27T21:29:34","modified_gmt":"2026-03-27T21:29:34","slug":"extranjeria","status":"publish","type":"page","link":"https:\/\/barrayasociados.com\/en\/extranjeria\/","title":{"rendered":"Foreigners"},"content":{"rendered":"<div class=\"wp-block-media-text alignwide is-stacked-on-mobile is-image-fill-element\"><figure class=\"wp-block-media-text__media\"><img loading=\"lazy\" decoding=\"async\" width=\"772\" height=\"1024\" src=\"https:\/\/barrayasociados.com\/wp-content\/uploads\/2026\/03\/WhatsApp-Image-2026-02-15-at-00.50.35-772x1024.jpeg\" alt=\"\" class=\"wp-image-162 size-full\" style=\"object-position:50% 50%\" srcset=\"https:\/\/barrayasociados.com\/wp-content\/uploads\/2026\/03\/WhatsApp-Image-2026-02-15-at-00.50.35-772x1024.jpeg 772w, https:\/\/barrayasociados.com\/wp-content\/uploads\/2026\/03\/WhatsApp-Image-2026-02-15-at-00.50.35-226x300.jpeg 226w, https:\/\/barrayasociados.com\/wp-content\/uploads\/2026\/03\/WhatsApp-Image-2026-02-15-at-00.50.35-768x1019.jpeg 768w, https:\/\/barrayasociados.com\/wp-content\/uploads\/2026\/03\/WhatsApp-Image-2026-02-15-at-00.50.35.jpeg 880w\" sizes=\"auto, (max-width: 772px) 100vw, 772px\" \/><\/figure><div class=\"wp-block-media-text__content\">\n<p>Immigration procedures can cause uncertainty and worry. Our goal is to simplify the process and guide you through every step with personalized attention and security.<\/p>\n\n\n\n<p>We manage procedures for <strong>legal ties<\/strong>, <strong>family reunification<\/strong>, <strong>student visas<\/strong> and its extensions, <strong>expulsion files<\/strong>, <strong>internment and nationality applications<\/strong>. We know that behind every file there is a life project, a family and a future to protect.<\/p>\n\n\n\n<p>We work with rigor and sensitivity, offering clear solutions and a human touch in every transaction.<\/p>\n\n\n\n<p><strong>If you need guidance regarding your immigration status, please contact us. We will be happy to help and support you throughout the entire process.<\/strong><\/p>\n<\/div><\/div>\n\n\n\n<div class=\"wp-block-buttons is-content-justification-center is-layout-flex wp-container-core-buttons-is-layout-a89b3969 wp-block-buttons-is-layout-flex\">\n<div class=\"wp-block-button\"><a class=\"wp-block-button__link wp-element-button\" href=\"https:\/\/barrayasociados.com\/en\/contacta-con-nosotros\/\">Contact us<\/a><\/div>\n<\/div>\n\n\n\n<p><\/p>","protected":false},"excerpt":{"rendered":"<p>Los tr\u00e1mites de extranjer\u00eda pueden generar incertidumbre y preocupaci\u00f3n. Nuestro objetivo es facilitar el proceso y acompa\u00f1arte en cada paso con cercan\u00eda y seguridad. Gestionamos procedimientos de arraigo, reagrupaci\u00f3n familiar, visados de estudiante y sus pr\u00f3rrogas, expedientes de expulsi\u00f3n, internamiento y solicitudes de nacionalidad. Sabemos que detr\u00e1s de cada expediente hay un proyecto de vida, [&hellip;]<\/p>\n","protected":false},"author":2,"featured_media":0,"parent":0,"menu_order":0,"comment_status":"closed","ping_status":"closed","template":"page-with-title","meta":{"footnotes":""},"class_list":["post-133","page","type-page","status-publish","hentry"],"jetpack_sharing_enabled":true,"_links":{"self":[{"href":"https:\/\/barrayasociados.com\/en\/wp-json\/wp\/v2\/pages\/133","targetHints":{"allow":["GET"]}}],"collection":[{"href":"https:\/\/barrayasociados.com\/en\/wp-json\/wp\/v2\/pages"}],"about":[{"href":"https:\/\/barrayasociados.com\/en\/wp-json\/wp\/v2\/types\/page"}],"author":[{"embeddable":true,"href":"https:\/\/barrayasociados.com\/en\/wp-json\/wp\/v2\/users\/2"}],"replies":[{"embeddable":true,"href":"https:\/\/barrayasociados.com\/en\/wp-json\/wp\/v2\/comments?post=133"}],"version-history":[{"count":1,"href":"https:\/\/barrayasociados.com\/en\/wp-json\/wp\/v2\/pages\/133\/revisions"}],"predecessor-version":[{"id":188,"href":"https:\/\/barrayasociados.com\/en\/wp-json\/wp\/v2\/pages\/133\/revisions\/188"}],"wp:attachment":[{"href":"https:\/\/barrayasociados.com\/en\/wp-json\/wp\/v2\/media?parent=133"}],"curies":[{"name":"wp","href":"https:\/\/api.w.org\/{rel}","templated":true}]}}