{"id":123,"date":"2026-02-15T00:31:35","date_gmt":"2026-02-14T23:31:35","guid":{"rendered":"http:\/\/abogados-diego-2.local\/?page_id=123"},"modified":"2026-03-27T21:30:39","modified_gmt":"2026-03-27T21:30:39","slug":"derecho-penal","status":"publish","type":"page","link":"https:\/\/barrayasociados.com\/en\/derecho-penal\/","title":{"rendered":"Criminal law"},"content":{"rendered":"<div class=\"wp-block-media-text alignwide is-stacked-on-mobile is-image-fill-element\"><figure class=\"wp-block-media-text__media\"><img loading=\"lazy\" decoding=\"async\" width=\"1024\" height=\"684\" src=\"https:\/\/barrayasociados.com\/wp-content\/uploads\/2026\/03\/pexels-pavel-danilyuk-8112201-1024x684.jpg\" alt=\"\" class=\"wp-image-166 size-full\" style=\"object-position:100% 49%\" srcset=\"https:\/\/barrayasociados.com\/wp-content\/uploads\/2026\/03\/pexels-pavel-danilyuk-8112201-1024x684.jpg 1024w, https:\/\/barrayasociados.com\/wp-content\/uploads\/2026\/03\/pexels-pavel-danilyuk-8112201-300x200.jpg 300w, https:\/\/barrayasociados.com\/wp-content\/uploads\/2026\/03\/pexels-pavel-danilyuk-8112201-768x513.jpg 768w, https:\/\/barrayasociados.com\/wp-content\/uploads\/2026\/03\/pexels-pavel-danilyuk-8112201-1536x1025.jpg 1536w, https:\/\/barrayasociados.com\/wp-content\/uploads\/2026\/03\/pexels-pavel-danilyuk-8112201-2048x1367.jpg 2048w\" sizes=\"auto, (max-width: 1024px) 100vw, 1024px\" \/><\/figure><div class=\"wp-block-media-text__content\">\n<p>In the criminal justice system, we understand that every situation is delicate and urgent. That's why we offer a close, immediate, and dedicated defense. <strong>We assist the detainee 24 hours a day<\/strong>, accompanying from the very beginning with clarity and firmness.<\/p>\n\n\n\n<p>We work in <strong>cancellation of criminal record<\/strong>, procedures for <strong>robbery and theft<\/strong>, crimes related to <strong>drug trafficking<\/strong>, <strong>injuries<\/strong> and matters arising from <strong>traffic accidents<\/strong>. We study each case individually, explaining each step of the procedure so that you never feel alone before the law.<\/p>\n\n\n\n<p>We defend your rights with responsibility, discretion, and genuine commitment.<\/p>\n\n\n\n<p><strong>If you need help or advice regarding criminal matters, we are at your service. Contact us and we will review your case.<\/strong><\/p>\n<\/div><\/div>\n\n\n\n<div class=\"wp-block-buttons is-content-justification-center is-layout-flex wp-container-core-buttons-is-layout-a89b3969 wp-block-buttons-is-layout-flex\">\n<div class=\"wp-block-button\"><a class=\"wp-block-button__link wp-element-button\" href=\"https:\/\/barrayasociados.com\/en\/contacta-con-nosotros\/\">Contact us<\/a><\/div>\n<\/div>","protected":false},"excerpt":{"rendered":"<p>En el \u00e1mbito penal sabemos que cada situaci\u00f3n es delicada y urgente. Por eso ofrecemos una defensa cercana, inmediata y comprometida. Asistimos al detenido las 24 horas, acompa\u00f1ando desde el primer momento con claridad y firmeza. Trabajamos en cancelaci\u00f3n de antecedentes penales, procedimientos por robo y hurto, delitos relacionados con narcotr\u00e1fico, lesiones y asuntos derivados [&hellip;]<\/p>\n","protected":false},"author":2,"featured_media":0,"parent":0,"menu_order":0,"comment_status":"closed","ping_status":"closed","template":"page-with-title","meta":{"footnotes":""},"class_list":["post-123","page","type-page","status-publish","hentry"],"jetpack_sharing_enabled":true,"_links":{"self":[{"href":"https:\/\/barrayasociados.com\/en\/wp-json\/wp\/v2\/pages\/123","targetHints":{"allow":["GET"]}}],"collection":[{"href":"https:\/\/barrayasociados.com\/en\/wp-json\/wp\/v2\/pages"}],"about":[{"href":"https:\/\/barrayasociados.com\/en\/wp-json\/wp\/v2\/types\/page"}],"author":[{"embeddable":true,"href":"https:\/\/barrayasociados.com\/en\/wp-json\/wp\/v2\/users\/2"}],"replies":[{"embeddable":true,"href":"https:\/\/barrayasociados.com\/en\/wp-json\/wp\/v2\/comments?post=123"}],"version-history":[{"count":3,"href":"https:\/\/barrayasociados.com\/en\/wp-json\/wp\/v2\/pages\/123\/revisions"}],"predecessor-version":[{"id":192,"href":"https:\/\/barrayasociados.com\/en\/wp-json\/wp\/v2\/pages\/123\/revisions\/192"}],"wp:attachment":[{"href":"https:\/\/barrayasociados.com\/en\/wp-json\/wp\/v2\/media?parent=123"}],"curies":[{"name":"wp","href":"https:\/\/api.w.org\/{rel}","templated":true}]}}